{"id":692,"date":"2017-01-02T08:28:52","date_gmt":"2017-01-02T08:28:52","guid":{"rendered":"https:\/\/demo.themegrill.com\/flash-default-2\/?page_id=5"},"modified":"2026-02-09T09:08:41","modified_gmt":"2026-02-09T08:08:41","slug":"home","status":"publish","type":"page","link":"https:\/\/waterjumpcap.com\/","title":{"rendered":"Bienvenue"},"content":{"rendered":"<div id=\"pl-692\"  class=\"panel-layout\" ><div id=\"pg-692-0\"  class=\"panel-grid panel-has-style\" ><div class=\"siteorigin-panels-stretch panel-row-style panel-row-style-for-692-0\" data-stretch-type=\"full-stretched\" ><div id=\"pgc-692-0-0\"  class=\"panel-grid-cell\" ><div id=\"panel-692-0-0-0\" class=\"so-panel widget widget_themegrill_flash_slider tg-section tg-slider-widget panel-first-child panel-last-child\" data-index=\"0\" ><div class=\"tg-slider-widget slider-light slider-content-center slider-control-center full-width\">\n\t<div class=\"swiper-container\">\n\t\t<div class=\"swiper-wrapper\">\n\t\t\t\n\t\t\t\t\t<div class=\"swiper-slide\">\n\t\t\t\t\t\t<figure class=\"slider-image\" >\n\t\t\t\t\t\t\t<img width=\"889\" height=\"488\"\t\t\t\t\t\t\t\t\tsrc=\"http:\/\/waterjumpcap.com\/wp-content\/uploads\/2021\/05\/waterjump-2-2.jpg\"\n\t\t\t\t\t\t\t\t\talt=\"1 heure de sauts illimit\u00e9s\"\n\t\t\t\t\t\t\t\t\ttitle=\"1 heure de sauts illimit\u00e9s\"\/>\n\t\t\t\t\t\t\t<div class=\"overlay\"><\/div>\n\t\t\t\t\t\t<\/figure>\n\t\t\t\t\t\t<div class=\"slider-content\">\n\t\t\t\t\t\t\t<div class=\"tg-container\">\n\t\t\t\t\t\t\t\t<div class=\"caption-title\">1 heure de sauts illimit\u00e9s<\/div>\n\t\t\t\t\t\t\t\t<div class=\"caption-desc\">Plusieurs pistes adapt\u00e9es \u00e0 tous niveaux !<\/div>\n\t\t\t\t\t\t\t\t\t\t\t\t\t\t\t<\/div>\n\t\t\t\t\t\t<\/div>\n\t\t\t\t\t<\/div>\n\n\t\t\t\t\t\t<\/div>\n\t\t<div class=\"swiper-pagination\"><\/div>\n\t\t<div class=\"slider-arrow\">\n\t\t\t<div class=\"swiper-button-next\"><\/div>\n\t\t\t<div class=\"swiper-button-prev\"><\/div>\n\t\t<\/div>\n\t<\/div>\n<\/div>\n<\/div><\/div><\/div><\/div><div id=\"pg-692-1\"  class=\"panel-grid panel-no-style\" ><div id=\"pgc-692-1-0\"  class=\"panel-grid-cell\" ><div id=\"panel-692-1-0-0\" class=\"so-panel widget widget_text panel-first-child\" data-index=\"1\" >\t\t\t<div class=\"textwidget\"><p>&nbsp;<\/p>\n<p>&nbsp;<\/p>\n<\/div>\n\t\t<\/div><div id=\"panel-692-1-0-1\" class=\"so-panel widget widget_text panel-last-child\" data-index=\"2\" ><div class=\"flash_inherit_color panel-widget-style panel-widget-style-for-692-1-0-1\" ><h3 class=\"widget-title\">SAISON 2026 : du 27 juin au 30 ao\u00fbt<\/h3>\t\t\t<div class=\"textwidget\"><p><center><strong><\/p>\n<p>Devis gratuits pour les groupes (nous contacter)<\/strong><\/center><center><strong><br \/>\nPas de r\u00e9servation pour les particuliers<\/strong><\/center><\/p>\n<\/div>\n\t\t<\/div><\/div><\/div><\/div><div id=\"pg-692-2\"  class=\"panel-grid panel-no-style\" ><div id=\"pgc-692-2-0\"  class=\"panel-grid-cell panel-grid-cell-empty\" ><\/div><div id=\"pgc-692-2-1\"  class=\"panel-grid-cell panel-grid-cell-mobile-last\" ><div id=\"panel-692-2-1-0\" class=\"so-panel widget widget_media_video panel-first-child panel-last-child\" data-index=\"3\" ><div style=\"width:100%;\" class=\"wp-video\"><!--[if lt IE 9]><script>document.createElement('video');<\/script><![endif]-->\n<video class=\"wp-video-shortcode\" id=\"video-692-1\" preload=\"metadata\" controls=\"controls\"><source type=\"video\/youtube\" src=\"https:\/\/youtu.be\/ddylpkYUmE8?_=1\" \/><a href=\"https:\/\/youtu.be\/ddylpkYUmE8\">https:\/\/youtu.be\/ddylpkYUmE8<\/a><\/video><\/div><\/div><\/div><div id=\"pgc-692-2-2\"  class=\"panel-grid-cell panel-grid-cell-empty\" ><\/div><\/div><div id=\"pg-692-3\"  class=\"panel-grid panel-no-style\" ><div id=\"pgc-692-3-0\"  class=\"panel-grid-cell panel-grid-cell-empty\" ><\/div><\/div><div id=\"pg-692-4\"  class=\"panel-grid panel-has-style\" ><div class=\"panel-row-style panel-row-style-for-692-4\" ><div id=\"pgc-692-4-0\"  class=\"panel-grid-cell\" ><div id=\"panel-692-4-0-0\" class=\"so-panel widget widget_themegrill_flash_service tg-widget tg-single-service panel-first-child\" data-index=\"4\" >\n<div class=\"tg-service-widget tg-service-layout-1\">\n\t<div class=\"service-wrapper\">\n\t\t<div class=\"service-icon-title-wrapper clearfix\">\n\t\t\t\t\t\t\t\t\t\t\t\t<h3 class=\"service-title-wrap\">\n\t\t\t\t\t\t\t\t<a href=\"#\">\n\t\t\t\tPARTICULIERS\t\t\t\t\t\t\t\t<\/a>\n\t\t\t\t\t\t\t<\/h3>\n\t\t\t\t\t<\/div>\n\t\t\t\t<div class=\"service-content-wrap\">12\u20ac\/1heure de sauts illimit\u00e9s ! \nSans r\u00e9servation, venez en famille, \nentre amis ou m\u00eame solo <\/div>\n\t\t\t\t\t\t<a class=\"service-more\" href=\"#\"><\/a>\n\t\t\t<\/div>\n<\/div>\n<\/div><div id=\"panel-692-4-0-1\" class=\"so-panel widget widget_media_image panel-last-child\" data-index=\"5\" ><a href=\"#\"><img width=\"300\" height=\"300\" src=\"https:\/\/waterjumpcap.com\/wp-content\/uploads\/2021\/05\/waterjump6-300x300.jpg\" class=\"image wp-image-738  attachment-medium size-medium\" alt=\"\" loading=\"lazy\" style=\"max-width: 100%; height: auto;\" srcset=\"https:\/\/waterjumpcap.com\/wp-content\/uploads\/2021\/05\/waterjump6-300x300.jpg 300w, https:\/\/waterjumpcap.com\/wp-content\/uploads\/2021\/05\/waterjump6-150x150.jpg 150w, https:\/\/waterjumpcap.com\/wp-content\/uploads\/2021\/05\/waterjump6-768x768.jpg 768w, https:\/\/waterjumpcap.com\/wp-content\/uploads\/2021\/05\/waterjump6-600x600.jpg 600w, https:\/\/waterjumpcap.com\/wp-content\/uploads\/2021\/05\/waterjump6-100x100.jpg 100w, https:\/\/waterjumpcap.com\/wp-content\/uploads\/2021\/05\/waterjump6.jpg 959w\" sizes=\"(max-width: 300px) 100vw, 300px\" \/><\/a><\/div><\/div><div id=\"pgc-692-4-1\"  class=\"panel-grid-cell\" ><div id=\"panel-692-4-1-0\" class=\"so-panel widget widget_themegrill_flash_service tg-widget tg-single-service panel-first-child\" data-index=\"6\" >\n<div class=\"tg-service-widget tg-service-layout-1\">\n\t<div class=\"service-wrapper\">\n\t\t<div class=\"service-icon-title-wrapper clearfix\">\n\t\t\t\t\t\t\t\t\t\t\t\t<h3 class=\"service-title-wrap\">\n\t\t\t\t\t\t\t\t<a href=\"#\">\n\t\t\t\tGROUPES\t\t\t\t\t\t\t\t<\/a>\n\t\t\t\t\t\t\t<\/h3>\n\t\t\t\t\t<\/div>\n\t\t\t\t<div class=\"service-content-wrap\">Sur r\u00e9servation. Tarif sp\u00e9cial \u00e0 partir de 10 pers.\nOffert aux accompagnants -\nNous contacter pour un devis !<\/div>\n\t\t\t\t\t\t<a class=\"service-more\" href=\"#\"><\/a>\n\t\t\t<\/div>\n<\/div>\n<\/div><div id=\"panel-692-4-1-1\" class=\"so-panel widget widget_media_image panel-last-child\" data-index=\"7\" ><a href=\"#\"><img width=\"300\" height=\"300\" src=\"https:\/\/waterjumpcap.com\/wp-content\/uploads\/2021\/05\/waterjump9-300x300.jpg\" class=\"image wp-image-741  attachment-medium size-medium\" alt=\"\" loading=\"lazy\" style=\"max-width: 100%; height: auto;\" srcset=\"https:\/\/waterjumpcap.com\/wp-content\/uploads\/2021\/05\/waterjump9-300x300.jpg 300w, https:\/\/waterjumpcap.com\/wp-content\/uploads\/2021\/05\/waterjump9-150x150.jpg 150w, https:\/\/waterjumpcap.com\/wp-content\/uploads\/2021\/05\/waterjump9-768x768.jpg 768w, https:\/\/waterjumpcap.com\/wp-content\/uploads\/2021\/05\/waterjump9-600x600.jpg 600w, https:\/\/waterjumpcap.com\/wp-content\/uploads\/2021\/05\/waterjump9-100x100.jpg 100w, https:\/\/waterjumpcap.com\/wp-content\/uploads\/2021\/05\/waterjump9.jpg 960w\" sizes=\"(max-width: 300px) 100vw, 300px\" \/><\/a><\/div><\/div><div id=\"pgc-692-4-2\"  class=\"panel-grid-cell\" ><div id=\"panel-692-4-2-0\" class=\"so-panel widget widget_themegrill_flash_service tg-widget tg-single-service panel-first-child\" data-index=\"8\" >\n<div class=\"tg-service-widget tg-service-layout-1\">\n\t<div class=\"service-wrapper\">\n\t\t<div class=\"service-icon-title-wrapper clearfix\">\n\t\t\t\t\t\t\t\t\t\t\t\t<h3 class=\"service-title-wrap\">\n\t\t\t\t\t\t\t\t<a href=\"#\">\n\t\t\t\tEVENEMENTS\t\t\t\t\t\t\t\t<\/a>\n\t\t\t\t\t\t\t<\/h3>\n\t\t\t\t\t<\/div>\n\t\t\t\t<div class=\"service-content-wrap\">Privatisation, organisation d'\u00e9v\u00e8nement priv\u00e9 ou professionnel.\nN'h\u00e9sitez pas \u00e0 nous contacter pour  votre \u00e9v\u00e8nement sur mesure<\/div>\n\t\t\t\t\t\t<a class=\"service-more\" href=\"#\"><\/a>\n\t\t\t<\/div>\n<\/div>\n<\/div><div id=\"panel-692-4-2-1\" class=\"so-panel widget widget_media_image panel-last-child\" data-index=\"9\" ><a href=\"#\"><img width=\"300\" height=\"225\" src=\"https:\/\/waterjumpcap.com\/wp-content\/uploads\/2021\/05\/waterjump3-300x225.jpg\" class=\"image wp-image-735  attachment-medium size-medium\" alt=\"\" loading=\"lazy\" style=\"max-width: 100%; height: auto;\" srcset=\"https:\/\/waterjumpcap.com\/wp-content\/uploads\/2021\/05\/waterjump3-300x225.jpg 300w, https:\/\/waterjumpcap.com\/wp-content\/uploads\/2021\/05\/waterjump3-768x576.jpg 768w, https:\/\/waterjumpcap.com\/wp-content\/uploads\/2021\/05\/waterjump3-600x450.jpg 600w, https:\/\/waterjumpcap.com\/wp-content\/uploads\/2021\/05\/waterjump3.jpg 960w\" sizes=\"(max-width: 300px) 100vw, 300px\" \/><\/a><\/div><\/div><\/div><\/div><div id=\"pg-692-5\"  class=\"panel-grid panel-has-style\" ><div class=\"siteorigin-panels-stretch panel-row-style panel-row-style-for-692-5\" data-stretch-type=\"full-stretched\" ><div id=\"pgc-692-5-0\"  class=\"panel-grid-cell\" ><div id=\"panel-692-5-0-0\" class=\"so-panel widget widget_themegrill_flash_cta tg-widget call-to-action-section panel-first-child panel-last-child\" data-index=\"10\" ><div class=\"panel-widget-style panel-widget-style-for-692-5-0-0\" ><div class=\"cta-wrapper call-to-action-section-layout-1\">\n\t<div class=\"section-title-wrapper\">\n\t\t\t\t<h3 class=\"section-title\">12 \u20ac = 1 HEURE DE SAUTS ILLIMITES<\/h3>\n\t\t\t<\/div>\n\t\t<div class=\"btn-wrapper\">\n\t\t\t\t<a class=\"btn\" href=\"https:\/\/goo.gl\/maps\/YQXZhZqZymgWWT2Z9\">Venir au Waterjump<\/a>\n\t\t\t\t\t<\/div>\n\t<\/div>\n<\/div><\/div><\/div><\/div><\/div><div id=\"pg-692-6\"  class=\"panel-grid panel-has-style\" ><div class=\"siteorigin-panels-stretch panel-row-style panel-row-style-for-692-6\" data-stretch-type=\"full\" ><div id=\"pgc-692-6-0\"  class=\"panel-grid-cell\" ><div id=\"panel-692-6-0-0\" class=\"so-panel widget widget_themegrill_flash_heading tg-widget section-title-wrapper panel-first-child\" data-index=\"11\" >\t<h3 class=\"section-title\">Quelques retours d&#039;exp\u00e9rience<\/h3>\n<\/div><div id=\"panel-692-6-0-1\" class=\"so-panel widget widget_themegrill_flash_testimonial tg-section testimonial-section panel-last-child\" data-index=\"12\" ><div class=\"tg-testimonial-widget\">\n\t<div class=\"testimonial-container swiper-container\">\n\t\t<div class=\"testimonial-wrapper swiper-wrapper\">\n\t\t\t\t\t\t<div class=\"testimonial-slide swiper-slide\">\n\t\t\t\t<div class=\"testimonial-content-wrapper\">\n\t\t\t\t\t<div class=\"testimonial-icon\"><i class=\"fa fa-quote-left\"><\/i> <\/div>\n\t\t\t\t\t\t\t\t\t\t<div class=\"testimonial-content\">Super activit\u00e9 pour s'amuser en groupe, on a beaucoup rigol\u00e9 et le personnel est au top !<\/div>\n\t\t\t\t\t\t\t\t\t<\/div>\n\t\t\t\t<div class=\"testimonial-client-detail\">\n\t\t\t\t\t\t\t\t\t\t<div class=\"client-detail-block\">\n\t\t\t\t\t\t\t\t\t\t\t\t<h3 class=\"testimonial-title\">TM<\/h3>\n\t\t\t\t\t\t\t\t\t\t\t\t\t\t\t\t\t<\/div>\n\t\t\t\t<\/div>\n\t\t\t<\/div>\n\t\t\t\t\t\t<div class=\"testimonial-slide swiper-slide\">\n\t\t\t\t<div class=\"testimonial-content-wrapper\">\n\t\t\t\t\t<div class=\"testimonial-icon\"><i class=\"fa fa-quote-left\"><\/i> <\/div>\n\t\t\t\t\t\t\t\t\t\t<div class=\"testimonial-content\">Tr\u00e8s bonne activit\u00e9s pour tous les \u00e2ges, sensations garanties. Le personnel \u00e9tait tr\u00e8s sympa, mention sp\u00e9ciale pour Ga\u00ebtan.\nJe recommande.<\/div>\n\t\t\t\t\t\t\t\t\t<\/div>\n\t\t\t\t<div class=\"testimonial-client-detail\">\n\t\t\t\t\t\t\t\t\t\t<div class=\"client-detail-block\">\n\t\t\t\t\t\t\t\t\t\t\t\t<h3 class=\"testimonial-title\">H<\/h3>\n\t\t\t\t\t\t\t\t\t\t\t\t\t\t\t\t\t<\/div>\n\t\t\t\t<\/div>\n\t\t\t<\/div>\n\t\t\t\t\t\t<div class=\"testimonial-slide swiper-slide\">\n\t\t\t\t<div class=\"testimonial-content-wrapper\">\n\t\t\t\t\t<div class=\"testimonial-icon\"><i class=\"fa fa-quote-left\"><\/i> <\/div>\n\t\t\t\t\t\t\t\t\t\t<div class=\"testimonial-content\">Je recommande ce lieu\nMa\u00eetre nageur au top! Super sympa<\/div>\n\t\t\t\t\t\t\t\t\t<\/div>\n\t\t\t\t<div class=\"testimonial-client-detail\">\n\t\t\t\t\t\t\t\t\t\t<div class=\"client-detail-block\">\n\t\t\t\t\t\t\t\t\t\t\t\t<h3 class=\"testimonial-title\">CP<\/h3>\n\t\t\t\t\t\t\t\t\t\t\t\t\t\t\t\t\t<\/div>\n\t\t\t\t<\/div>\n\t\t\t<\/div>\n\t\t\t\t\t\t<div class=\"testimonial-slide swiper-slide\">\n\t\t\t\t<div class=\"testimonial-content-wrapper\">\n\t\t\t\t\t<div class=\"testimonial-icon\"><i class=\"fa fa-quote-left\"><\/i> <\/div>\n\t\t\t\t\t\t\t\t\t\t<div class=\"testimonial-content\">Super activit\u00e9 coupl\u00e9e \u00e0 un petit snack tr\u00e8s sympa avec bonne musique. Il est possible de faire les toboggans avec des bou\u00e9es. 10\u20ac pour 1heure. Attention quand m\u00eame certains toboggans font faire de bons sauts et donc de bons plaqu\u00e9s arriv\u00e9 dans l'eau..<\/div>\n\t\t\t\t\t\t\t\t\t<\/div>\n\t\t\t\t<div class=\"testimonial-client-detail\">\n\t\t\t\t\t\t\t\t\t\t<div class=\"client-detail-block\">\n\t\t\t\t\t\t\t\t\t\t\t\t<h3 class=\"testimonial-title\">LA<\/h3>\n\t\t\t\t\t\t\t\t\t\t\t\t\t\t\t\t\t<\/div>\n\t\t\t\t<\/div>\n\t\t\t<\/div>\n\t\t\t\t\t<\/div>\n\t\t<div class=\"swiper-pagination testimonial-pager\"><\/div>\n\t<\/div>\n<\/div>\n<\/div><\/div><\/div><\/div><div id=\"pg-692-7\"  class=\"panel-grid panel-no-style\" ><div id=\"pgc-692-7-0\"  class=\"panel-grid-cell\" ><div id=\"panel-692-7-0-0\" class=\"so-panel widget widget_themegrill_flash_image tg-widget tg-image-widget panel-first-child panel-last-child\" data-index=\"13\" >\t<img src=\"https:\/\/waterjumpcap.com\/wp-content\/uploads\/2021\/05\/waterjump-saut-1.jpg\" \/>\n<\/div><\/div><div id=\"pgc-692-7-1\"  class=\"panel-grid-cell\" ><div id=\"panel-692-7-1-0\" class=\"so-panel widget widget_themegrill_flash_image tg-widget tg-image-widget panel-first-child panel-last-child\" data-index=\"14\" >\t<img src=\"http:\/\/waterjumpcap.com\/wp-content\/uploads\/2021\/05\/waterjump10.jpg\" \/>\n<\/div><\/div><div id=\"pgc-692-7-2\"  class=\"panel-grid-cell\" ><div id=\"panel-692-7-2-0\" class=\"so-panel widget widget_themegrill_flash_image tg-widget tg-image-widget panel-first-child panel-last-child\" data-index=\"15\" >\t<img src=\"https:\/\/waterjumpcap.com\/wp-content\/uploads\/2021\/05\/waterjump8.jpg\" \/>\n<\/div><\/div><div id=\"pgc-692-7-3\"  class=\"panel-grid-cell\" ><div id=\"panel-692-7-3-0\" class=\"so-panel widget widget_themegrill_flash_image tg-widget tg-image-widget panel-first-child panel-last-child\" data-index=\"16\" >\t<img src=\"http:\/\/waterjumpcap.com\/wp-content\/uploads\/2021\/05\/waterjump12.jpg\" \/>\n<\/div><\/div><\/div><div id=\"pg-692-8\"  class=\"panel-grid panel-has-style\" ><div class=\"panel-row-style panel-row-style-for-692-8\" ><div id=\"pgc-692-8-0\"  class=\"panel-grid-cell\" ><div id=\"panel-692-8-0-0\" class=\"so-panel widget widget_themegrill_flash_heading tg-widget section-title-wrapper panel-first-child\" data-index=\"17\" >\t<h3 class=\"section-title\">Partenaires<\/h3>\n<\/div><div id=\"panel-692-8-0-1\" class=\"so-panel widget widget_themegrill_flash_logo tg-section client-section panel-last-child\" data-index=\"18\" ><div class=\"tg-client-widget\">\n\t<div class=\"client-container swiper-container\">\n\t\t<div class=\"client-wrapper swiper-wrapper\">\n\t\t\t\t\t<div class=\"client-slide swiper-slide\">\n\t\t\t\t<img src=\"http:\/\/waterjumpcap.com\/wp-content\/uploads\/2021\/05\/OT-CAP-dAGDE.png\" alt=\"Office du tourisme Cap D'Agde\" \/>\n\t\t\t<\/div>\n\t\t\t\t\t<\/div>\n\t<\/div>\n<\/div>\n<\/div><\/div><\/div><\/div><\/div>","protected":false},"excerpt":{"rendered":"<p>&nbsp; &nbsp; Devis gratuits pour les groupes (nous contacter) Pas de r\u00e9servation pour les particuliers<\/p>\n","protected":false},"author":1,"featured_media":0,"parent":0,"menu_order":0,"comment_status":"closed","ping_status":"closed","template":"","meta":{"_mi_skip_tracking":false,"_monsterinsights_sitenote_active":false,"_monsterinsights_sitenote_note":"","_monsterinsights_sitenote_category":0},"_links":{"self":[{"href":"https:\/\/waterjumpcap.com\/index.php\/wp-json\/wp\/v2\/pages\/692"}],"collection":[{"href":"https:\/\/waterjumpcap.com\/index.php\/wp-json\/wp\/v2\/pages"}],"about":[{"href":"https:\/\/waterjumpcap.com\/index.php\/wp-json\/wp\/v2\/types\/page"}],"author":[{"embeddable":true,"href":"https:\/\/waterjumpcap.com\/index.php\/wp-json\/wp\/v2\/users\/1"}],"replies":[{"embeddable":true,"href":"https:\/\/waterjumpcap.com\/index.php\/wp-json\/wp\/v2\/comments?post=692"}],"version-history":[{"count":115,"href":"https:\/\/waterjumpcap.com\/index.php\/wp-json\/wp\/v2\/pages\/692\/revisions"}],"predecessor-version":[{"id":914,"href":"https:\/\/waterjumpcap.com\/index.php\/wp-json\/wp\/v2\/pages\/692\/revisions\/914"}],"wp:attachment":[{"href":"https:\/\/waterjumpcap.com\/index.php\/wp-json\/wp\/v2\/media?parent=692"}],"curies":[{"name":"wp","href":"https:\/\/api.w.org\/{rel}","templated":true}]}}